{"id":13859,"date":"2020-01-21T11:26:19","date_gmt":"2020-01-21T11:26:19","guid":{"rendered":"https:\/\/etui-fialka.com\/imprint\/"},"modified":"2022-08-25T12:49:50","modified_gmt":"2022-08-25T12:49:50","slug":"imprint","status":"publish","type":"page","link":"https:\/\/etui-fialka.com\/en\/imprint\/","title":{"rendered":"Imprint"},"content":{"rendered":"<div class=\"wpb-content-wrapper\"><p>[vc_row source=&#8221;&#8221; main_heading=&#8221;PRODUKTE&#8221; heading_tag=&#8221;h2&#8243; main_heading_color=&#8221;rgba(0,0,0,0.05)&#8221; sub_heading_color=&#8221;#000000&#8243; alignment=&#8221;center&#8221; spacer=&#8221;line_only&#8221; spacer_position=&#8221;bottom&#8221; spacer_img_width=&#8221;48&#8243; line_style=&#8221;solid&#8221; line_height=&#8221;4&#8243; line_color=&#8221;#ac9d5c&#8221; line_icon_fixer=&#8221;10&#8243; main_heading_font_family=&#8221;font_family:Raleway|font_call:Raleway|variant:700&#8243; main_heading_style=&#8221;font-weight:700;&#8221; main_heading_font_size=&#8221;desktop:130px;tablet:130px;tablet_portrait:110px;mobile_landscape:80px;mobile:60px;&#8221; main_heading_line_height=&#8221;desktop:130px;tablet:130px;tablet_portrait:130px;mobile_landscape:130px;mobile:130px;&#8221; sub_heading_font_family=&#8221;font_family:Raleway|font_call:Raleway|variant:700&#8243; sub_heading_style=&#8221;font-weight:700;&#8221; sub_heading_font_size=&#8221;desktop:36px;tablet:36px;tablet_portrait:36px;mobile_landscape:36px;mobile:24px;&#8221; sub_heading_line_height=&#8221;desktop:42px;tablet:42px;tablet_portrait:42px;mobile_landscape:42px;mobile:42px;&#8221; sub_heading_margin=&#8221;margin-top:-86px;&#8221; line_width=&#8221;120&#8243; spacer_margin=&#8221;margin-top:5px;&#8221; margin_design_tab_text=&#8221;&#8221; main_heading_typograpy=&#8221;&#8221; main_heading_margin=&#8221;&#8221; sub_heading_typograpy=&#8221;&#8221; spacer_img=&#8221;&#8221;][vc_column]<div class=\"ult-spacer spacer-69f44d6cb3d97\" data-id=\"69f44d6cb3d97\" data-height=\"40\" data-height-mobile=\"0\" data-height-tab=\"0\" data-height-tab-portrait=\"0\" data-height-mobile-landscape=\"0\" style=\"clear:both;display:block;\"><\/div><div id=\"ultimate-heading-530269f44d6cb3e6b\" class=\"uvc-heading ult-adjust-bottom-margin ultimate-heading-530269f44d6cb3e6b uvc-8967 \" data-hspacer=\"line_only\"  data-halign=\"center\" style=\"text-align:center\"><div class=\"uvc-main-heading ult-responsive\"  data-ultimate-target='.uvc-heading.ultimate-heading-530269f44d6cb3e6b h2'  data-responsive-json-new='{\"font-size\":\"desktop:130px;tablet:130px;tablet_portrait:110px;mobile_landscape:80px;mobile:60px;\",\"line-height\":\"desktop:130px;tablet:130px;tablet_portrait:130px;mobile_landscape:130px;mobile:130px;\"}' ><h2 style=\"font-weight:700;color:rgba(0,0,0,0.05);\">IMPRINT<\/h2><\/div><div class=\"uvc-sub-heading ult-responsive\"  data-ultimate-target='.uvc-heading.ultimate-heading-530269f44d6cb3e6b .uvc-sub-heading '  data-responsive-json-new='{\"font-size\":\"desktop:36px;tablet:36px;tablet_portrait:36px;mobile_landscape:36px;mobile:24px;\",\"line-height\":\"desktop:42px;tablet:42px;tablet_portrait:42px;mobile_landscape:42px;mobile:42px;\"}'  style=\"font-weight:normal;color:#000000;margin-top:-86px;\">Duty to provide information and self-disclosure<\/div><div class=\"uvc-heading-spacer line_only\" style=\"margin-top:5px;margin-bottom:70px;height:4px;\"><span class=\"uvc-headings-line\" style=\"border-style:solid;border-bottom-width:4px;border-color:#ac9d5c;width:120px;\"><\/span><\/div><\/div><div class=\"ult-spacer spacer-69f44d6cb3f08\" data-id=\"69f44d6cb3f08\" data-height=\"30\" data-height-mobile=\"0\" data-height-tab=\"0\" data-height-tab-portrait=\"0\" data-height-mobile-landscape=\"0\" style=\"clear:both;display:block;\"><\/div>[\/vc_column][\/vc_row][vc_row][vc_column width=&#8221;2\/3&#8243; offset=&#8221;vc_col-lg-offset-2 vc_col-md-offset-2 vc_col-sm-offset-2&#8243;][vc_column_text]Informationspflicht laut \u00a75 E-Commerce Gesetz, \u00a714 Unternehmensgesetzbuch, \u00a763 Gewerbeordnung und Offenlegungspflicht laut \u00a725 Mediengesetz.<\/p>\n<p>Friedrich Fialka, Etui- und Kassettenerzeugung e.U<br \/>\nSchottenfeldgasse 63,<br \/>\n1070 Wien,<br \/>\n\u00d6sterreich<\/p>\n<p><strong>UID-Nummer:<\/strong> ATU 61788300<br \/>\n<strong>Firmenbuchnummer: <\/strong>2500b<br \/>\n<strong>Firmenbuchgericht:<\/strong> Wien<br \/>\n<strong>Firmensitz:<\/strong> 1070 Wien<\/p>\n<p><strong>Tel.:<\/strong> +43 1 523 14 31<br \/>\n<strong>Fax:<\/strong> +43 1 523 14 31<br \/>\n<strong>E-Mail:<\/strong> <a href=\"mailto:office@etui-fialka.com\">office@etui-fialka.com<\/a><\/p>\n<p><strong>Mitglied bei:<\/strong> WKO<\/p>\n<p>&nbsp;<\/p>\n<h3>EU-Streitschlichtung<\/h3>\n<p>Gem\u00e4\u00df Verordnung \u00fcber Online-Streitbeilegung in Verbraucherangelegenheiten (ODR-Verordnung) m\u00f6chten wir Sie \u00fcber die Online-Streitbeilegungsplattform (OS-Plattform) informieren.<br \/>\nVerbraucher haben die M\u00f6glichkeit, Beschwerden an die Online Streitbeilegungsplattform der Europ\u00e4ischen Kommission unter <a class=\"adsimple-221090496\" href=\"https:\/\/ec.europa.eu\/consumers\/odr\" target=\"_blank\" rel=\"nofollow noopener noreferrer\">http:\/\/ec.europa.eu\/odr<\/a> zu richten. Die daf\u00fcr notwendigen Kontaktdaten finden Sie oberhalb in unserem Impressum.<\/p>\n<p>Wir m\u00f6chten Sie jedoch darauf hinweisen, dass wir nicht bereit oder verpflichtet sind, an Streitbeilegungsverfahren vor einer Verbraucherschlichtungsstelle teilzunehmen.<\/p>\n<h3>Haftung f\u00fcr Inhalte dieser Webseite<\/h3>\n<p>Wir entwickeln die Inhalte dieser Webseite st\u00e4ndig weiter und bem\u00fchen uns korrekte und aktuelle Informationen bereitzustellen. Leider k\u00f6nnen wir keine Haftung f\u00fcr die Korrektheit aller Inhalte auf dieser Webseite \u00fcbernehmen, speziell f\u00fcr jene die seitens Dritter bereitgestellt wurden.<\/p>\n<p>Sollten Ihnen problematische oder rechtswidrige Inhalte auffallen, bitten wir Sie uns umgehend zu kontaktieren, Sie finden die Kontaktdaten im Impressum.<\/p>\n<h3>Haftung f\u00fcr Links auf dieser Webseite<\/h3>\n<p>Unsere Webseite enth\u00e4lt Links zu anderen Webseiten f\u00fcr deren Inhalt wir nicht verantwortlich sind. Haftung f\u00fcr verlinkte Websites besteht laut <a href=\"https:\/\/www.ris.bka.gv.at\/Dokument.wxe?Abfrage=Bundesnormen&amp;Dokumentnummer=NOR40025813&amp;tid=221090496\" target=\"_blank\" rel=\"noopener nofollow noreferrer\">\u00a7 17 ECG<\/a> f\u00fcr uns nicht, da wir keine Kenntnis rechtswidriger T\u00e4tigkeiten hatten und haben, uns solche Rechtswidrigkeiten auch bisher nicht aufgefallen sind und wir Links sofort entfernen w\u00fcrden, wenn uns Rechtswidrigkeiten bekannt werden.<\/p>\n<p>Wenn Ihnen rechtswidrige Links auf unserer Website auffallen, bitten wir Sie uns zu kontaktieren, Sie finden die Kontaktdaten im Impressum.<\/p>\n<h3>Urheberrechtshinweis<\/h3>\n<p>Alle Inhalte dieser Webseite (Bilder, Fotos, Texte, Videos) unterliegen dem Urheberrecht. Falls notwendig, werden wir die unerlaubte Nutzung von Teilen der Inhalte unserer Seite rechtlich verfolgen.<\/p>\n<h3>Bildernachweis<\/h3>\n<p>Die Bilder, Fotos und Grafiken auf dieser Webseite sind urheberrechtlich gesch\u00fctzt.<\/p>\n<p>Die Bilderrechte liegen bei den folgenden Fotografen und Unternehmen:<\/p>\n<ul>\n<li>Friedrich Fialka<\/li>\n<\/ul>\n<h3>Datenschutzerkl\u00e4rung<\/h3>\n<p>Wir haben diese Datenschutzerkl\u00e4rung (Fassung 03.04.2019-221090496) verfasst, um Ihnen gem\u00e4\u00df der Vorgaben der Datenschutz-Grundverordnung (EU) 2016\/679 und dem <a href=\"https:\/\/www.ris.bka.gv.at\/GeltendeFassung.wxe?Abfrage=Bundesnormen&amp;Gesetzesnummer=10001597&amp;tid=221090496\" target=\"_blank\" rel=\"noopener nofollow noreferrer\">Datenschutzgesetz (DSG)<\/a> zu erkl\u00e4ren, welche Informationen wir sammeln, wie wir Daten verwenden und welche Entscheidungsm\u00f6glichkeiten Sie als Besucher dieser Webseite haben.<\/p>\n<p>Leider liegt es in der Natur der Sache, dass diese Erkl\u00e4rungen sehr technisch klingen, wir haben uns bei der Erstellung jedoch bem\u00fcht die wichtigsten Dinge so einfach und klar wie m\u00f6glich zu beschreiben.<\/p>\n<h3>Google Analytics Datenschutzerkl\u00e4rung<\/h3>\n<p>Wir verwenden auf dieser Website Google Analytics der Firma Google LLC (1600 Amphitheatre Parkway Mountain View, CA 94043, USA) um Besucherdaten statistisch auszuwerten. Dabei verwendet Google Analytics zielorientierte Cookies.<\/p>\n<h3>Cookies von Google Analytics<\/h3>\n<p>N\u00e4here Informationen zu Nutzungsbedingungen und Datenschutz finden Sie unter <a href=\"http:\/\/www.google.com\/analytics\/terms\/de.html\" rel=\"nofollow\">http:\/\/www.google.com\/analytics\/terms\/de.html<\/a> bzw. unter <a href=\"https:\/\/support.google.com\/analytics\/answer\/6004245?hl=de\" rel=\"nofollow\">https:\/\/support.google.com\/analytics\/answer\/6004245?hl=de<\/a>.<\/p>\n<h3>Pseudonymisierung<\/h3>\n<p>Unser Anliegen im Sinne der DSGVO ist die Verbesserung unseres Angebotes und unseres Webauftritts. Da uns die Privatsph\u00e4re unserer Nutzer wichtig ist, werden die Nutzerdaten pseudonymisiert.\u00a0Die Datenverarbeitung erfolgt auf Basis der gesetzlichen Bestimmungen des \u00a7 96 Abs 3 TKG sowie des Art 6 EU-DSGVO Abs 1 lit a (Einwilligung) und\/oder f (berechtigtes Interesse) der DSGVO.<\/p>\n<h3>Deaktivierung der Datenerfassung durch Google Analytics<\/h3>\n<p>Mithilfe des <strong>Browser-Add-ons zur Deaktivierung<\/strong> von Google Analytics-JavaScript (ga.js, analytics.js, dc.js) k\u00f6nnen Website-Besucher verhindern, dass Google Analytics ihre Daten verwendet.<\/p>\n<p>Sie k\u00f6nnen die Erfassung der durch das Cookie erzeugten und auf Ihre Nutzung der Website bezogenen Daten an Google sowie die Verarbeitung dieser Daten durch Google verhindern, indem Sie das unter dem folgenden Link verf\u00fcgbare Browser-Plugin herunterladen und installieren: <a href=\"https:\/\/tools.google.com\/dlpage\/gaoptout?hl=de\" rel=\"nofollow\">https:\/\/tools.google.com\/dlpage\/gaoptout?hl=de<\/a><\/p>\n<p>&nbsp;<\/p>\n<h3>Google Analytics Zusatz zur Datenverarbeitung<\/h3>\n<p>Wir haben mit Google einen Direktkundenvertrag zur Verwendung von Google Analytics abgeschlossen, indem wir den \u201cZusatz zur Datenverarbeitung\u201d in Google Analytics akzeptiert haben.<\/p>\n<p>Mehr \u00fcber den Zusatz zur Datenverarbeitung f\u00fcr Google Analytics finden Sie hier: <a href=\"https:\/\/support.google.com\/analytics\/answer\/3379636?hl=de&amp;utm_id=ad\" target=\"_blank\" rel=\"noopener nofollow noreferrer\">https:\/\/support.google.com\/analytics\/answer\/3379636?hl=de&amp;utm_id=ad<\/a><\/p>\n<h3>Google Analytics IP-Anonymisierung<\/h3>\n<p>Wir haben auf dieser Webseite die IP-Adressen-Anonymisierung von Google Analytics implementiert.\u00a0Diese Funktion wurde von Google entwickelt, damit diese Webseite die geltenden Datenschutzbestimmungen und Empfehlungen der lokalen Datenschutzbeh\u00f6rden einhalten kann, wenn diese eine Speicherung der vollst\u00e4ndigen IP-Adresse untersagen. Die Anonymisierung bzw. Maskierung der IP findet statt, sobald die IP-Adressen im Google Analytics-Datenerfassungsnetzwerk eintreffen und bevor eine Speicherung oder Verarbeitung der Daten stattfindet.<\/p>\n<p>Mehr Informationen zur IP-Anonymisierung finden Sie auf\u00a0<a href=\"https:\/\/support.google.com\/analytics\/answer\/2763052?hl=de\" target=\"_blank\" rel=\"noopener nofollow noreferrer\">https:\/\/support.google.com\/analytics\/answer\/2763052?hl=de<\/a>.<\/p>\n<h3>Google reCAPTCHA Datenschutzerkl\u00e4rung<\/h3>\n<p>Wir verwenden Google reCAPTCHA der Firma Google Inc. (1600 Amphitheatre Parkway Mountain View, CA 94043, USA) um Spam zu verhindern.<\/p>\n<p>Rechtsgrundlage f\u00fcr die Verwendung ist Artikel 6 (1) f (Rechtm\u00e4\u00dfigkeit der Verarbeitung), denn es besteht ein berechtigtes Interesse diese Webseite vor Bots und Spam zu sch\u00fctzen.<\/p>\n<p>reCAPTCHA ist ein kostenloser Dienst, der Webseiten vor Spam und Missbrauch sch\u00fctzt. Es nutzt fortschrittliche Risikoanalysetechniken, um Menschen und Bots auseinander zu halten. Mit der neuen API wird eine signifikante Anzahl Ihrer g\u00fcltigen menschlichen Benutzer die reCAPTCHA-Herausforderung bestehen, ohne ein CAPTCHA l\u00f6sen zu m\u00fcssen.\u00a0 Wir nutzen reCAPTCHA f\u00fcr die Absicherung von Formularen.<\/p>\n<p>Durch die Nutzung von reCAPTCHA werden Daten an Google \u00fcbertragen die Google nutzt um festzustellen ob der Besucher ein Mensch oder ein (Spam)bot ist. Welche Daten von Google erfasst werden und wof\u00fcr diese Daten verwendet werden, k\u00f6nnen Sie auf <a href=\"https:\/\/policies.google.com\/privacy?hl=de-AT\" target=\"_blank\" rel=\"noopener nofollow noreferrer\">https:\/\/policies.google.com\/privacy?hl=de-AT<\/a> nachlesen.<br \/>\nDie Nutzungsbedingungen f\u00fcr Dienste und Produkte von Google k\u00f6nnen Sie unter <a href=\"https:\/\/policies.google.com\/terms?hl=de-AT\" target=\"_blank\" rel=\"noopener nofollow noreferrer\">https:\/\/policies.google.com\/terms?hl=de-AT<\/a> nachlesen.[\/vc_column_text][\/vc_column][\/vc_row]<\/p>\n<\/div>","protected":false},"excerpt":{"rendered":"<p>[vc_row source=&#8221;&#8221; main_heading=&#8221;PRODUKTE&#8221; heading_tag=&#8221;h2&#8243; main_heading_color=&#8221;rgba(0,0,0,0.05)&#8221; sub_heading_color=&#8221;#000000&#8243; alignment=&#8221;center&#8221; spacer=&#8221;line_only&#8221; spacer_position=&#8221;bottom&#8221; spacer_img_width=&#8221;48&#8243; line_style=&#8221;solid&#8221; line_height=&#8221;4&#8243; line_color=&#8221;#ac9d5c&#8221; line_icon_fixer=&#8221;10&#8243; main_heading_font_family=&#8221;font_family:Raleway|font_call:Raleway|variant:700&#8243; main_heading_style=&#8221;font-weight:700;&#8221; main_heading_font_size=&#8221;desktop:130px;tablet:130px;tablet_portrait:110px;mobile_landscape:80px;mobile:60px;&#8221; main_heading_line_height=&#8221;desktop:130px;tablet:130px;tablet_portrait:130px;mobile_landscape:130px;mobile:130px;&#8221; sub_heading_font_family=&#8221;font_family:Raleway|font_call:Raleway|variant:700&#8243; sub_heading_style=&#8221;font-weight:700;&#8221; sub_heading_font_size=&#8221;desktop:36px;tablet:36px;tablet_portrait:36px;mobile_landscape:36px;mobile:24px;&#8221; sub_heading_line_height=&#8221;desktop:42px;tablet:42px;tablet_portrait:42px;mobile_landscape:42px;mobile:42px;&#8221; sub_heading_margin=&#8221;margin-top:-86px;&#8221; line_width=&#8221;120&#8243; spacer_margin=&#8221;margin-top:5px;&#8221; margin_design_tab_text=&#8221;&#8221; main_heading_typograpy=&#8221;&#8221; main_heading_margin=&#8221;&#8221; sub_heading_typograpy=&#8221;&#8221; spacer_img=&#8221;&#8221;][vc_column][\/vc_column][\/vc_row][vc_row][vc_column width=&#8221;2\/3&#8243; offset=&#8221;vc_col-lg-offset-2 vc_col-md-offset-2 vc_col-sm-offset-2&#8243;][vc_column_text]Informationspflicht laut \u00a75 E-Commerce Gesetz, \u00a714 Unternehmensgesetzbuch, \u00a763 Gewerbeordnung und Offenlegungspflicht laut \u00a725 Mediengesetz. Friedrich Fialka, Etui- und Kassettenerzeugung e.U Schottenfeldgasse 63,&hellip;<\/p>\n","protected":false},"author":2,"featured_media":0,"parent":0,"menu_order":0,"comment_status":"closed","ping_status":"closed","template":"","meta":{"footnotes":""},"class_list":["post-13859","page","type-page","status-publish","hentry","description-off"],"_links":{"self":[{"href":"https:\/\/etui-fialka.com\/en\/wp-json\/wp\/v2\/pages\/13859","targetHints":{"allow":["GET"]}}],"collection":[{"href":"https:\/\/etui-fialka.com\/en\/wp-json\/wp\/v2\/pages"}],"about":[{"href":"https:\/\/etui-fialka.com\/en\/wp-json\/wp\/v2\/types\/page"}],"author":[{"embeddable":true,"href":"https:\/\/etui-fialka.com\/en\/wp-json\/wp\/v2\/users\/2"}],"replies":[{"embeddable":true,"href":"https:\/\/etui-fialka.com\/en\/wp-json\/wp\/v2\/comments?post=13859"}],"version-history":[{"count":3,"href":"https:\/\/etui-fialka.com\/en\/wp-json\/wp\/v2\/pages\/13859\/revisions"}],"predecessor-version":[{"id":14089,"href":"https:\/\/etui-fialka.com\/en\/wp-json\/wp\/v2\/pages\/13859\/revisions\/14089"}],"wp:attachment":[{"href":"https:\/\/etui-fialka.com\/en\/wp-json\/wp\/v2\/media?parent=13859"}],"curies":[{"name":"wp","href":"https:\/\/api.w.org\/{rel}","templated":true}]}}